{"id":714,"date":"2025-01-18T14:05:01","date_gmt":"2025-01-18T14:05:01","guid":{"rendered":"https:\/\/audiradio.info\/?page_id=714"},"modified":"2026-01-27T15:20:51","modified_gmt":"2026-01-27T15:20:51","slug":"informativa-privacy-per-lindagine-audiradio-2025","status":"publish","type":"page","link":"https:\/\/audiradio.info\/index.php\/informativa-privacy-per-lindagine-audiradio-2025\/","title":{"rendered":"INFORMATIVA PRIVACY PER L\u2019INDAGINE AUDIRADIO 2025"},"content":{"rendered":"\t\t<div data-elementor-type=\"wp-page\" data-elementor-id=\"714\" class=\"elementor elementor-714\" data-elementor-post-type=\"page\">\n\t\t\t\t<div class=\"elementor-element elementor-element-1c13985d e-flex e-con-boxed e-con e-parent\" data-id=\"1c13985d\" data-element_type=\"container\">\n\t\t\t\t\t<div class=\"e-con-inner\">\n\t\t<div class=\"elementor-element elementor-element-ace4a4a e-con-full e-flex e-con e-child\" data-id=\"ace4a4a\" data-element_type=\"container\">\n\t\t\t\t<div class=\"elementor-element elementor-element-45c0355 elementor-widget elementor-widget-heading\" data-id=\"45c0355\" data-element_type=\"widget\" data-widget_type=\"heading.default\">\n\t\t\t\t<div class=\"elementor-widget-container\">\n\t\t\t<style>\/*! elementor - v3.21.0 - 26-05-2024 *\/\n.elementor-heading-title{padding:0;margin:0;line-height:1}.elementor-widget-heading .elementor-heading-title[class*=elementor-size-]>a{color:inherit;font-size:inherit;line-height:inherit}.elementor-widget-heading .elementor-heading-title.elementor-size-small{font-size:15px}.elementor-widget-heading .elementor-heading-title.elementor-size-medium{font-size:19px}.elementor-widget-heading .elementor-heading-title.elementor-size-large{font-size:29px}.elementor-widget-heading .elementor-heading-title.elementor-size-xl{font-size:39px}.elementor-widget-heading .elementor-heading-title.elementor-size-xxl{font-size:59px}<\/style><h2 class=\"elementor-heading-title elementor-size-default\">INFORMATIVA PRIVACY PER L\u2019INDAGINE AUDIRADIO 2026<\/h2>\t\t<\/div>\n\t\t\t\t<\/div>\n\t\t\t\t<div class=\"elementor-element elementor-element-10b675b0 elementor-widget elementor-widget-text-editor\" data-id=\"10b675b0\" data-element_type=\"widget\" data-widget_type=\"text-editor.default\">\n\t\t\t\t<div class=\"elementor-widget-container\">\n\t\t\t<style>\/*! elementor - v3.21.0 - 26-05-2024 *\/\n.elementor-widget-text-editor.elementor-drop-cap-view-stacked .elementor-drop-cap{background-color:#69727d;color:#fff}.elementor-widget-text-editor.elementor-drop-cap-view-framed .elementor-drop-cap{color:#69727d;border:3px solid;background-color:transparent}.elementor-widget-text-editor:not(.elementor-drop-cap-view-default) .elementor-drop-cap{margin-top:8px}.elementor-widget-text-editor:not(.elementor-drop-cap-view-default) .elementor-drop-cap-letter{width:1em;height:1em}.elementor-widget-text-editor .elementor-drop-cap{float:left;text-align:center;line-height:1;font-size:50px}.elementor-widget-text-editor .elementor-drop-cap-letter{display:inline-block}<\/style>\t\t\t\t<p><strong>INFORMATIVA PRIVACY PER L\u2019INDAGINE AUDIRADIO 2026<\/strong><\/p><p><em>(ai sensi dell\u2019articolo 13 del Regolamento (UE) 2016\/679)<\/em><\/p><p>Gentile Signore\/a,<\/p><p>con la presente desideriamo informarLa in merito al trattamento dei suoi dati personali nell\u2019ambito dell\u2019indagine a finalit\u00e0 statistica AUDIRADIO 2026 (di seguito anche <strong><u>l\u2019Indagine<\/u><\/strong>) sulla misurazione dell\u2019ascolto radiofonico in Italia di cui Audiradio S.r.l. \u00e8 Titolare del trattamento.<\/p><p>Qualora Lei ci abbia concesso la possibilit\u00e0 di intervistarLa, desideriamo fornirLe ai sensi dell\u2019art. 13 del Regolamento (UE) 2016\/679 (in seguito anche <strong><u>GDPR<\/u><\/strong>) le informazioni prescritte dalla legge.<\/p><ul><li><strong><u>Dati relativi al Titolare<\/u><\/strong><\/li><\/ul><p>Il Titolare del trattamento \u00e8 Audiradio s.r.l. (in seguito anche per brevit\u00e0 <strong><u>Audiradio<\/u><\/strong> o il <strong><u>Titolare<\/u><\/strong>) con sede legale in Corso Buenos Aires 79, Milano (20124). Il Titolare \u00e8 contattabile al seguente indirizzo email: <a href=\"mailto:info@audiradio.info\">info@audiradio.info<\/a><\/p><ul><li><strong><u>Dati Personali trattati<\/u><\/strong><\/li><\/ul><p>Audiradio, per tramite dei fornitori indicati al successivo punto 5), tratter\u00e0 i seguenti dati personali dell\u2019intervistato: numero di telefono, sesso, et\u00e0, titolo di studio, possesso altre utenze telefoniche, residenza abituale, dati sociodemografici, professione ed occupazione, preferenze ed abitudini sull\u2019ascolto delle radio. I suddetti dati personali saranno elaborati secondo la metodologia approvata al fine di effettuare le attivit\u00e0 di cui al punto successivo. In ogni caso, al termine dell\u2019indagine condotta i suoi dati personali saranno anonimizzati e non sar\u00e0 possibile identificarLa.<\/p><ul><li><strong><u>Finalit\u00e0 e base giuridica del trattamento<\/u><\/strong><\/li><\/ul><p>In considerazione dell\u2019attivit\u00e0 svolta da Audiradio, la raccolta ed il trattamento dei Suoi dati personali ha come finalit\u00e0:<\/p><ul><li>Attivit\u00e0 statistica volta ad effettuare un\u2019indagine sull\u2019ascolto delle emittenti radiofoniche pubbliche e private, nazionali e locali svolta in osservanza delle disposizioni normative tempo per tempo applicabili;<\/li><li>Attivit\u00e0 di controllo interno sulla corretta adozione della metodologia utilizzata per l\u2019attivit\u00e0 statistica.<\/li><\/ul><p>Il Titolare \u00e8 legittimato a perseguire le finalit\u00e0 sopra indicate, ovvero a trattare i suoi dati personali, a condizione di operare in ottemperanza alle Regole Deontologiche per i trattamenti a fini statistici o di ricerca scientifica emanate il 19 dicembre 2018 dal Garante per la Protezione dei Dati Personali ai sensi dell\u2019art. 20, comma 4, del D.lgs. 10 agosto 2018 \u2013 n. 101. \u00a0Si precisa, in particolare, che le finalit\u00e0 di cui si tratta attengono alla finalit\u00e0 pubblicistica dell\u2019Indagine e che il Titolare, nel rispetto delle vigenti disposizioni normative e regolamentari, proceder\u00e0 altres\u00ec alla richiesta di inserimento del proprio ufficio di statistica nell&#8217;ambito del Sistema Statistico Nazionale \u2013 SISTAN.<\/p><p>Confermiamo che, il conferimento al Titolare dei suoi dati personali \u00e8 libero e non comporta alcuna conseguenza, in quanto Lei si pu\u00f2 rifiutare di prestare l\u2019intervista richiesta dall\u2019operatore.<\/p><ul><li><strong><u>Ambito di comunicazione<\/u><\/strong><\/li><\/ul><p>In relazione alle attivit\u00e0 statistica volta ad effettuare un\u2019indagine sull\u2019ascolto delle emittenti radiofoniche pubbliche e private, nazionali e locali, il Titolare si avvale di fornitori esterni, appositamente nominati Responsabili del trattamento ai sensi dell\u2019art. 28 del GDPR; qui di seguito trova i riferimenti delle sopra citate societ\u00e0:<\/p><ul><li>GfK Italia S.r.l., con sede legale in via Tortona n. 33, 20144 Milano,<\/li><li>IPSOS S.r.l., con sede legale in via Tolmezzo 15, 20132 Milano.<\/li><\/ul><p>In relazione alle attivit\u00e0 di controllo interno sulla corretta adozione della metodologia utilizzata per l\u2019attivit\u00e0 statistica il Titolare potr\u00e0 avvalersi altres\u00ec di consulenti esterni.<\/p><p>In ogni caso, i suoi dati personali saranno trattati all\u2019interno dello Spazio Economico Europeo (SEE).\u00a0<\/p><ul><li><strong><u>Periodo di Conservazione<\/u><\/strong><\/li><\/ul><p>I dati personali che permettono l\u2019identificazione dell\u2019interessato saranno conservati per un massimo di 12 mesi a partire dalla pubblicazione dei volumi dell\u2019Indagine unicamente per permettere di perseguire le finalit\u00e0 relative alle attivit\u00e0 di controllo interno sulla corretta adozione della metodologia utilizzata per l\u2019attivit\u00e0 statistica.<\/p><p>Successivamente i dati personali che permettono l\u2019identificazione dell\u2019interessato saranno eliminati e pertanto non sar\u00e0 possibile identificarla.<\/p><ul><li><strong><u>Diritti dell\u2019interessato<\/u><\/strong><\/li><\/ul><p>La vigente normativa riconosce all\u2019Interessato numerosi diritti che La invitiamo a considerare attentamente. Questi diritti sono esercitabili ovviamente fino a che i dati personali oggetto dell\u2019Indagine fossero riconducibili a un interessato. Tra questi diritti Le ricordiamo:<\/p><p>1) di ottenere informazioni in relazione alle finalit\u00e0 per cui i Suoi Dati sono trattati, al periodo del trattamento e ai soggetti cui i dati sono comunicati (c.d. <strong><u>diritto di accesso<\/u><\/strong>)<\/p><p>2) di ottenere la rettifica o integrazione dei dati personali inesatti che La riguardano (c.d. <strong><u>diritto di rettifica<\/u><\/strong>)<\/p><p>3) di ottenere la cancellazione dei dati personali che La riguardano nei seguenti casi (a) i dati non siano pi\u00f9 necessari per le finalit\u00e0 per le quali sono stati raccolti; (b) Lei abbia ritirato il Suo consenso al trattamento dei dati qualora essi siano trattati sulla base del Suo consenso; (c) Lei si sia opposto al trattamento dei dati personali che La riguardano nel caso in cui essi siano trattati per un nostro legittimo interesse; o (d) il trattamento dei suoi dati personali non sia conforme alla legge. Tuttavia, Le segnaliamo che la conservazione dei dati personali da parte della Societ\u00e0 \u00e8 lecita qualora sia necessaria per consentirle di adempiere un obbligo legale o per accertare, esercitare o difendere un diritto in sede giudiziaria (c.d. <strong><u>diritto di cancellazione<\/u><\/strong>).<\/p><p>4) di ottenere che i dati personali che La riguardano siano solo conservati senza che di essi sia fatto altro uso nei seguenti casi (a) Lei contesti l\u2019esattezza dei dati personali, per il periodo necessario a consentirci di verificare l\u2019esattezza di tali dati personali; (b) il trattamento sia illecito ma Lei si opponga comunque alla cancellazione dei dati personali da parte nostra; (c) i dati personali Le siano necessari per l\u2019accertamento, l\u2019esercizio o la difesa di un diritto in sede giudiziaria; (d) Lei si sia opposto al trattamento e si sia in attesa della verifica in merito all\u2019eventuale prevalenza dei nostri motivi legittimi al trattamento rispetto a quelli dell\u2019interessato (c.d. <strong><u>diritto di limitazione<\/u><\/strong>)<\/p><p>5) di ottenere la cessazione del trattamento nei casi in cui i suoi dati personali siano trattati per il nostro legittimo interesse e Lei contesti l\u2019esistenza di questo interesse (c.d. <strong><u>diritto di opposizione<\/u><\/strong>)<\/p><p>6) di ricevere in un formato di uso comune, leggibile da dispositivo automatico e interoperabile i dati personali che La riguardano trattati con mezzi automatizzati, se essi siano trattati in forza di contratto o sulla base del Suo consenso (c.d. <strong><u>diritto alla portabilit\u00e0<\/u><\/strong>).<\/p><p>Per esercitare i diritti suesposti pu\u00f2 rivolgersi al Titolare del trattamento, scrivendo a Audiradio S.r.l., con sede legale in Corso Buenos Aires 79, Milano (20124) ovvero scrivendo all\u2019indirizzo email\u00a0 <a href=\"mailto:info@audiradio.info\">info@audiradio.info<\/a><\/p><p>Lei ha il altres\u00ec diritto di proporre reclamo a un\u2019Autorit\u00e0 di Controllo qualora ritenesse che il trattamento che la riguarda violi il Regolamento (art. 77 del Regolamento), ovvero ha il diritto di proporre un ricorso giurisdizionale all\u2019Autorit\u00e0 Competenti (art. 79 del Regolamento).<\/p>\t\t\t\t\t\t<\/div>\n\t\t\t\t<\/div>\n\t\t\t\t<\/div>\n\t\t\t\t\t<\/div>\n\t\t\t\t<\/div>\n\t\t\t\t<\/div>\n\t\t","protected":false},"excerpt":{"rendered":"<p>INFORMATIVA PRIVACY PER L\u2019INDAGINE AUDIRADIO 2026 INFORMATIVA PRIVACY PER L\u2019INDAGINE AUDIRADIO 2026 (ai sensi dell\u2019articolo 13 del Regolamento (UE) 2016\/679) Gentile Signore\/a, con la presente desideriamo informarLa in merito al trattamento dei suoi dati personali nell\u2019ambito dell\u2019indagine a finalit\u00e0 statistica AUDIRADIO 2026 (di seguito anche l\u2019Indagine) sulla misurazione dell\u2019ascolto radiofonico in Italia di cui Audiradio [&hellip;]<\/p>\n","protected":false},"author":4,"featured_media":0,"parent":0,"menu_order":0,"comment_status":"closed","ping_status":"closed","template":"elementor_header_footer","meta":{"footnotes":""},"class_list":["post-714","page","type-page","status-publish","hentry"],"yoast_head":"<!-- This site is optimized with the Yoast SEO plugin v23.0 - https:\/\/yoast.com\/wordpress\/plugins\/seo\/ -->\r\n<title>INFORMATIVA PRIVACY PER L\u2019INDAGINE AUDIRADIO 2025 - Audiradio<\/title>\r\n<meta name=\"robots\" content=\"index, follow, max-snippet:-1, max-image-preview:large, max-video-preview:-1\" \/>\r\n<link rel=\"canonical\" href=\"https:\/\/audiradio.info\/index.php\/informativa-privacy-per-lindagine-audiradio-2025\/\" \/>\r\n<meta property=\"og:locale\" content=\"it_IT\" \/>\r\n<meta property=\"og:type\" content=\"article\" \/>\r\n<meta property=\"og:title\" content=\"INFORMATIVA PRIVACY PER L\u2019INDAGINE AUDIRADIO 2025 - Audiradio\" \/>\r\n<meta property=\"og:description\" content=\"INFORMATIVA PRIVACY PER L\u2019INDAGINE AUDIRADIO 2026 INFORMATIVA PRIVACY PER L\u2019INDAGINE AUDIRADIO 2026 (ai sensi dell\u2019articolo 13 del Regolamento (UE) 2016\/679) Gentile Signore\/a, con la presente desideriamo informarLa in merito al trattamento dei suoi dati personali nell\u2019ambito dell\u2019indagine a finalit\u00e0 statistica AUDIRADIO 2026 (di seguito anche l\u2019Indagine) sulla misurazione dell\u2019ascolto radiofonico in Italia di cui Audiradio [&hellip;]\" \/>\r\n<meta property=\"og:url\" content=\"https:\/\/audiradio.info\/index.php\/informativa-privacy-per-lindagine-audiradio-2025\/\" \/>\r\n<meta property=\"og:site_name\" content=\"Audiradio\" \/>\r\n<meta property=\"article:modified_time\" content=\"2026-01-27T15:20:51+00:00\" \/>\r\n<meta name=\"twitter:card\" content=\"summary_large_image\" \/>\r\n<meta name=\"twitter:label1\" content=\"Tempo di lettura stimato\" \/>\n\t<meta name=\"twitter:data1\" content=\"6 minuti\" \/>\r\n<script type=\"application\/ld+json\" class=\"yoast-schema-graph\">{\"@context\":\"https:\/\/schema.org\",\"@graph\":[{\"@type\":\"WebPage\",\"@id\":\"https:\/\/audiradio.info\/index.php\/informativa-privacy-per-lindagine-audiradio-2025\/\",\"url\":\"https:\/\/audiradio.info\/index.php\/informativa-privacy-per-lindagine-audiradio-2025\/\",\"name\":\"INFORMATIVA PRIVACY PER L\u2019INDAGINE AUDIRADIO 2025 - Audiradio\",\"isPartOf\":{\"@id\":\"https:\/\/audiradio.info\/#website\"},\"datePublished\":\"2025-01-18T14:05:01+00:00\",\"dateModified\":\"2026-01-27T15:20:51+00:00\",\"breadcrumb\":{\"@id\":\"https:\/\/audiradio.info\/index.php\/informativa-privacy-per-lindagine-audiradio-2025\/#breadcrumb\"},\"inLanguage\":\"it-IT\",\"potentialAction\":[{\"@type\":\"ReadAction\",\"target\":[\"https:\/\/audiradio.info\/index.php\/informativa-privacy-per-lindagine-audiradio-2025\/\"]}]},{\"@type\":\"BreadcrumbList\",\"@id\":\"https:\/\/audiradio.info\/index.php\/informativa-privacy-per-lindagine-audiradio-2025\/#breadcrumb\",\"itemListElement\":[{\"@type\":\"ListItem\",\"position\":1,\"name\":\"Home\",\"item\":\"https:\/\/audiradio.info\/\"},{\"@type\":\"ListItem\",\"position\":2,\"name\":\"INFORMATIVA PRIVACY PER L\u2019INDAGINE AUDIRADIO 2025\"}]},{\"@type\":\"WebSite\",\"@id\":\"https:\/\/audiradio.info\/#website\",\"url\":\"https:\/\/audiradio.info\/\",\"name\":\"Audiradio\",\"description\":\"\",\"publisher\":{\"@id\":\"https:\/\/audiradio.info\/#organization\"},\"potentialAction\":[{\"@type\":\"SearchAction\",\"target\":{\"@type\":\"EntryPoint\",\"urlTemplate\":\"https:\/\/audiradio.info\/?s={search_term_string}\"},\"query-input\":\"required name=search_term_string\"}],\"inLanguage\":\"it-IT\"},{\"@type\":\"Organization\",\"@id\":\"https:\/\/audiradio.info\/#organization\",\"name\":\"Audiradio\",\"url\":\"https:\/\/audiradio.info\/\",\"logo\":{\"@type\":\"ImageObject\",\"inLanguage\":\"it-IT\",\"@id\":\"https:\/\/audiradio.info\/#\/schema\/logo\/image\/\",\"url\":\"https:\/\/audiradio.info\/wp-content\/uploads\/2024\/12\/cropped-Logo.png\",\"contentUrl\":\"https:\/\/audiradio.info\/wp-content\/uploads\/2024\/12\/cropped-Logo.png\",\"width\":1393,\"height\":329,\"caption\":\"Audiradio\"},\"image\":{\"@id\":\"https:\/\/audiradio.info\/#\/schema\/logo\/image\/\"}}]}<\/script>\r\n<!-- \/ Yoast SEO plugin. -->","yoast_head_json":{"title":"INFORMATIVA PRIVACY PER L\u2019INDAGINE AUDIRADIO 2025 - Audiradio","robots":{"index":"index","follow":"follow","max-snippet":"max-snippet:-1","max-image-preview":"max-image-preview:large","max-video-preview":"max-video-preview:-1"},"canonical":"https:\/\/audiradio.info\/index.php\/informativa-privacy-per-lindagine-audiradio-2025\/","og_locale":"it_IT","og_type":"article","og_title":"INFORMATIVA PRIVACY PER L\u2019INDAGINE AUDIRADIO 2025 - Audiradio","og_description":"INFORMATIVA PRIVACY PER L\u2019INDAGINE AUDIRADIO 2026 INFORMATIVA PRIVACY PER L\u2019INDAGINE AUDIRADIO 2026 (ai sensi dell\u2019articolo 13 del Regolamento (UE) 2016\/679) Gentile Signore\/a, con la presente desideriamo informarLa in merito al trattamento dei suoi dati personali nell\u2019ambito dell\u2019indagine a finalit\u00e0 statistica AUDIRADIO 2026 (di seguito anche l\u2019Indagine) sulla misurazione dell\u2019ascolto radiofonico in Italia di cui Audiradio [&hellip;]","og_url":"https:\/\/audiradio.info\/index.php\/informativa-privacy-per-lindagine-audiradio-2025\/","og_site_name":"Audiradio","article_modified_time":"2026-01-27T15:20:51+00:00","twitter_card":"summary_large_image","twitter_misc":{"Tempo di lettura stimato":"6 minuti"},"schema":{"@context":"https:\/\/schema.org","@graph":[{"@type":"WebPage","@id":"https:\/\/audiradio.info\/index.php\/informativa-privacy-per-lindagine-audiradio-2025\/","url":"https:\/\/audiradio.info\/index.php\/informativa-privacy-per-lindagine-audiradio-2025\/","name":"INFORMATIVA PRIVACY PER L\u2019INDAGINE AUDIRADIO 2025 - Audiradio","isPartOf":{"@id":"https:\/\/audiradio.info\/#website"},"datePublished":"2025-01-18T14:05:01+00:00","dateModified":"2026-01-27T15:20:51+00:00","breadcrumb":{"@id":"https:\/\/audiradio.info\/index.php\/informativa-privacy-per-lindagine-audiradio-2025\/#breadcrumb"},"inLanguage":"it-IT","potentialAction":[{"@type":"ReadAction","target":["https:\/\/audiradio.info\/index.php\/informativa-privacy-per-lindagine-audiradio-2025\/"]}]},{"@type":"BreadcrumbList","@id":"https:\/\/audiradio.info\/index.php\/informativa-privacy-per-lindagine-audiradio-2025\/#breadcrumb","itemListElement":[{"@type":"ListItem","position":1,"name":"Home","item":"https:\/\/audiradio.info\/"},{"@type":"ListItem","position":2,"name":"INFORMATIVA PRIVACY PER L\u2019INDAGINE AUDIRADIO 2025"}]},{"@type":"WebSite","@id":"https:\/\/audiradio.info\/#website","url":"https:\/\/audiradio.info\/","name":"Audiradio","description":"","publisher":{"@id":"https:\/\/audiradio.info\/#organization"},"potentialAction":[{"@type":"SearchAction","target":{"@type":"EntryPoint","urlTemplate":"https:\/\/audiradio.info\/?s={search_term_string}"},"query-input":"required name=search_term_string"}],"inLanguage":"it-IT"},{"@type":"Organization","@id":"https:\/\/audiradio.info\/#organization","name":"Audiradio","url":"https:\/\/audiradio.info\/","logo":{"@type":"ImageObject","inLanguage":"it-IT","@id":"https:\/\/audiradio.info\/#\/schema\/logo\/image\/","url":"https:\/\/audiradio.info\/wp-content\/uploads\/2024\/12\/cropped-Logo.png","contentUrl":"https:\/\/audiradio.info\/wp-content\/uploads\/2024\/12\/cropped-Logo.png","width":1393,"height":329,"caption":"Audiradio"},"image":{"@id":"https:\/\/audiradio.info\/#\/schema\/logo\/image\/"}}]}},"_links":{"self":[{"href":"https:\/\/audiradio.info\/index.php\/wp-json\/wp\/v2\/pages\/714","targetHints":{"allow":["GET"]}}],"collection":[{"href":"https:\/\/audiradio.info\/index.php\/wp-json\/wp\/v2\/pages"}],"about":[{"href":"https:\/\/audiradio.info\/index.php\/wp-json\/wp\/v2\/types\/page"}],"author":[{"embeddable":true,"href":"https:\/\/audiradio.info\/index.php\/wp-json\/wp\/v2\/users\/4"}],"replies":[{"embeddable":true,"href":"https:\/\/audiradio.info\/index.php\/wp-json\/wp\/v2\/comments?post=714"}],"version-history":[{"count":11,"href":"https:\/\/audiradio.info\/index.php\/wp-json\/wp\/v2\/pages\/714\/revisions"}],"predecessor-version":[{"id":1325,"href":"https:\/\/audiradio.info\/index.php\/wp-json\/wp\/v2\/pages\/714\/revisions\/1325"}],"wp:attachment":[{"href":"https:\/\/audiradio.info\/index.php\/wp-json\/wp\/v2\/media?parent=714"}],"curies":[{"name":"wp","href":"https:\/\/api.w.org\/{rel}","templated":true}]}}