{"id":38,"date":"2024-06-10T09:27:50","date_gmt":"2024-06-10T09:27:50","guid":{"rendered":"https:\/\/strange-montalcini.95-154-219-107.plesk.page\/index.php\/home\/"},"modified":"2024-12-02T09:48:35","modified_gmt":"2024-12-02T09:48:35","slug":"home","status":"publish","type":"page","link":"https:\/\/audiradio.info\/","title":{"rendered":"Home"},"content":{"rendered":"\t\t<div data-elementor-type=\"wp-page\" data-elementor-id=\"38\" class=\"elementor elementor-38\" data-elementor-post-type=\"page\">\n\t\t\t\t<div class=\"elementor-element elementor-element-d5cfde3 e-flex e-con-boxed e-con e-parent\" data-id=\"d5cfde3\" data-element_type=\"container\" data-settings=\"{&quot;background_background&quot;:&quot;classic&quot;}\">\n\t\t\t\t\t<div class=\"e-con-inner\">\n\t\t\t\t<div class=\"elementor-element elementor-element-1a74b46 elementor-widget elementor-widget-image\" data-id=\"1a74b46\" data-element_type=\"widget\" data-widget_type=\"image.default\">\n\t\t\t\t<div class=\"elementor-widget-container\">\n\t\t\t<style>\/*! elementor - v3.21.0 - 26-05-2024 *\/\n.elementor-widget-image{text-align:center}.elementor-widget-image a{display:inline-block}.elementor-widget-image a img[src$=\".svg\"]{width:48px}.elementor-widget-image img{vertical-align:middle;display:inline-block}<\/style>\t\t\t\t\t\t\t\t\t\t<img fetchpriority=\"high\" decoding=\"async\" width=\"800\" height=\"189\" src=\"https:\/\/audiradio.info\/wp-content\/uploads\/2024\/12\/Logo-bianco-1-1024x242.png\" class=\"attachment-large size-large wp-image-650\" alt=\"\" srcset=\"https:\/\/audiradio.info\/wp-content\/uploads\/2024\/12\/Logo-bianco-1-1024x242.png 1024w, https:\/\/audiradio.info\/wp-content\/uploads\/2024\/12\/Logo-bianco-1-300x71.png 300w, https:\/\/audiradio.info\/wp-content\/uploads\/2024\/12\/Logo-bianco-1-768x181.png 768w, https:\/\/audiradio.info\/wp-content\/uploads\/2024\/12\/Logo-bianco-1.png 1393w\" sizes=\"(max-width: 800px) 100vw, 800px\" \/>\t\t\t\t\t\t\t\t\t\t\t\t\t<\/div>\n\t\t\t\t<\/div>\n\t\t\t\t<div class=\"elementor-element elementor-element-65a3880 elementor-invisible elementor-widget elementor-widget-heading\" data-id=\"65a3880\" data-element_type=\"widget\" data-settings=\"{&quot;_animation&quot;:&quot;fadeIn&quot;}\" data-widget_type=\"heading.default\">\n\t\t\t\t<div class=\"elementor-widget-container\">\n\t\t\t<style>\/*! elementor - v3.21.0 - 26-05-2024 *\/\n.elementor-heading-title{padding:0;margin:0;line-height:1}.elementor-widget-heading .elementor-heading-title[class*=elementor-size-]>a{color:inherit;font-size:inherit;line-height:inherit}.elementor-widget-heading .elementor-heading-title.elementor-size-small{font-size:15px}.elementor-widget-heading .elementor-heading-title.elementor-size-medium{font-size:19px}.elementor-widget-heading .elementor-heading-title.elementor-size-large{font-size:29px}.elementor-widget-heading .elementor-heading-title.elementor-size-xl{font-size:39px}.elementor-widget-heading .elementor-heading-title.elementor-size-xxl{font-size:59px}<\/style><h1 class=\"elementor-heading-title elementor-size-default\">Ascoltiamo il futuro delle radio italiane<\/h1>\t\t<\/div>\n\t\t\t\t<\/div>\n\t\t\t\t<div class=\"elementor-element elementor-element-32b3f1bc elementor-invisible elementor-widget elementor-widget-heading\" data-id=\"32b3f1bc\" data-element_type=\"widget\" data-settings=\"{&quot;_animation&quot;:&quot;fadeIn&quot;}\" data-widget_type=\"heading.default\">\n\t\t\t\t<div class=\"elementor-widget-container\">\n\t\t\t<h5 class=\"elementor-heading-title elementor-size-default\">Trasparenza e tecnologia al servizio della radio<\/h5>\t\t<\/div>\n\t\t\t\t<\/div>\n\t\t\t\t\t<\/div>\n\t\t\t\t<\/div>\n\t\t<div class=\"elementor-element elementor-element-4c3cac6b e-flex e-con-boxed e-con e-parent\" data-id=\"4c3cac6b\" data-element_type=\"container\">\n\t\t\t\t\t<div class=\"e-con-inner\">\n\t\t<div class=\"elementor-element elementor-element-8e7add2 e-flex e-con-boxed e-con e-child\" data-id=\"8e7add2\" data-element_type=\"container\">\n\t\t\t\t\t<div class=\"e-con-inner\">\n\t\t<div class=\"elementor-element elementor-element-34530233 e-con-full e-flex e-con e-child\" data-id=\"34530233\" data-element_type=\"container\" data-settings=\"{&quot;background_background&quot;:&quot;classic&quot;}\">\n\t\t\t\t<\/div>\n\t\t<div class=\"elementor-element elementor-element-38737bf9 e-con-full e-flex e-con e-child\" data-id=\"38737bf9\" data-element_type=\"container\">\n\t\t\t\t<div class=\"elementor-element elementor-element-4fa4a666 elementor-widget elementor-widget-heading\" data-id=\"4fa4a666\" data-element_type=\"widget\" data-widget_type=\"heading.default\">\n\t\t\t\t<div class=\"elementor-widget-container\">\n\t\t\t<h2 class=\"elementor-heading-title elementor-size-default\">Chi siamo<\/h2>\t\t<\/div>\n\t\t\t\t<\/div>\n\t\t\t\t<div class=\"elementor-element elementor-element-3e691c69 elementor-widget elementor-widget-text-editor\" data-id=\"3e691c69\" data-element_type=\"widget\" data-widget_type=\"text-editor.default\">\n\t\t\t\t<div class=\"elementor-widget-container\">\n\t\t\t<style>\/*! elementor - v3.21.0 - 26-05-2024 *\/\n.elementor-widget-text-editor.elementor-drop-cap-view-stacked .elementor-drop-cap{background-color:#69727d;color:#fff}.elementor-widget-text-editor.elementor-drop-cap-view-framed .elementor-drop-cap{color:#69727d;border:3px solid;background-color:transparent}.elementor-widget-text-editor:not(.elementor-drop-cap-view-default) .elementor-drop-cap{margin-top:8px}.elementor-widget-text-editor:not(.elementor-drop-cap-view-default) .elementor-drop-cap-letter{width:1em;height:1em}.elementor-widget-text-editor .elementor-drop-cap{float:left;text-align:center;line-height:1;font-size:50px}.elementor-widget-text-editor .elementor-drop-cap-letter{display:inline-block}<\/style>\t\t\t\t<p style=\"text-align: justify; background-image: initial; background-position: initial; background-size: initial; background-repeat: initial; background-attachment: initial; background-origin: initial; background-clip: initial;\"><strong><span style=\"font-family: Poppins;\">Audiradio <\/span><\/strong><span style=\"font-family: Poppins;\">realizza, in modo oggettivo e imparziale, ricerche statistiche di tipo quantitativo e indagini censuarie volte alla misurazione dell\u2019ascolto delle emittenti radiofoniche nazionali e locali, secondo le rispettive specificit\u00e0.<\/span><\/p>\n<p style=\"text-align: justify; background-image: initial; background-position: initial; background-size: initial; background-repeat: initial; background-attachment: initial; background-origin: initial; background-clip: initial;\"><span style=\"font-family: Poppins;\">Fondato da figure chiave del settore \u2014 gli Editori Radiofonici Associati (ERA), UNA \u2013 Aziende della Comunicazione Unite e UPA \u2013 Utenti Pubblicit\u00e0 Associati \u2014 Audiradio vanta una struttura robusta grazie all\u2019unione di editori e rappresentanti di mercato.<\/span><\/p>\n<p style=\"text-align: justify; background-image: initial; background-position: initial; background-size: initial; background-repeat: initial; background-attachment: initial; background-origin: initial; background-clip: initial;\"><strong><span style=\"font-family: Poppins;\">La Societ\u00e0 rappresenta una pietra miliare nel panorama nazionale della rilevazione delle audience, marcando una svolta storica con la sua recente trasformazione in Joint Industry Committee (JIC).<\/span><\/strong><span style=\"font-family: Poppins;\">&nbsp;<\/span><\/p>\n<p style=\"text-align: justify; background-image: initial; background-position: initial; background-size: initial; background-repeat: initial; background-attachment: initial; background-origin: initial; background-clip: initial;\"><strong><span style=\"font-family: Poppins;\">Audiradio \u00e8 incaricata di guidare una rilevazione metodologica innovativa<\/span><\/strong><span style=\"font-family: Poppins;\">, <\/span>&nbsp;<span style=\"font-family: Poppins;\">capace di assicurare quel delicato equilibrio tra la necessit\u00e0 di dare continuit\u00e0 alla <i>currency<\/i> e l\u2019esigenza di adottare una metrica che prenda atto dell\u2019irreversibile processo di digitalizzazione dei media e dei conseguenti cambiamenti strutturali che si stanno determinando nei comportamenti di consumo e nelle modalit\u00e0 di fruizione dei contenuti multimediali.<\/span><\/p>\n<p style=\"text-align: justify; background-image: initial; background-position: initial; background-size: initial; background-repeat: initial; background-attachment: initial; background-origin: initial; background-clip: initial;\"><b><span style=\"font-family: Poppins;\">L<\/span><\/b><strong><span style=\"font-family: Poppins;\">a Societ\u00e0 garantisce la pi\u00f9 ampia rappresentativit\u00e0 del settore e &#8211; sostenuta dal lavoro congiunto di AGCom e delle varie componenti del mercato &#8211; assicura <\/span><\/strong><b><span style=\"font-family: Poppins;\">la massima correttezza e trasparenza delle rilevazioni, coniugando il principio di efficienza con quelli di equit\u00e0 e non discriminazione.<\/span><\/b><\/p>\n<p><\/p>\n<p style=\"text-align: justify; background-image: initial; background-position: initial; background-size: initial; background-repeat: initial; background-attachment: initial; background-origin: initial; background-clip: initial;\"><span style=\"font-family: Poppins;\">Audiradio intende porsi al centro del dialogo tra tecnologia, mercato e consumatori, garantendo che la voce di ogni emittente sia ascoltata e valutata con la massima accuratezza.<\/span><\/p>\t\t\t\t\t\t<\/div>\n\t\t\t\t<\/div>\n\t\t\t\t<\/div>\n\t\t\t\t\t<\/div>\n\t\t\t\t<\/div>\n\t\t\t\t\t<\/div>\n\t\t\t\t<\/div>\n\t\t\t\t<\/div>\n\t\t","protected":false},"excerpt":{"rendered":"<p>Ascoltiamo il futuro delle radio italiane Trasparenza e tecnologia al servizio della radio Chi siamo Audiradio realizza, in modo oggettivo e imparziale, ricerche statistiche di tipo quantitativo e indagini censuarie volte alla misurazione dell\u2019ascolto delle emittenti radiofoniche nazionali e locali, secondo le rispettive specificit\u00e0. Fondato da figure chiave del settore \u2014 gli Editori Radiofonici Associati [&hellip;]<\/p>\n","protected":false},"author":1,"featured_media":0,"parent":0,"menu_order":0,"comment_status":"closed","ping_status":"closed","template":"elementor_header_footer","meta":{"footnotes":""},"class_list":["post-38","page","type-page","status-publish","hentry"],"yoast_head":"<!-- This site is optimized with the Yoast SEO plugin v23.0 - https:\/\/yoast.com\/wordpress\/plugins\/seo\/ -->\r\n<title>Home - Audiradio<\/title>\r\n<meta name=\"description\" content=\"Audiradio realizza ricerche statistiche di tipo quantitativo e indagini censuarie volte alla misurazione dell\u2019ascolto delle emittenti radiofoniche nazionali e locali.\" \/>\r\n<meta name=\"robots\" content=\"index, follow, max-snippet:-1, max-image-preview:large, max-video-preview:-1\" \/>\r\n<link rel=\"canonical\" href=\"https:\/\/audiradio.info\/\" \/>\r\n<meta property=\"og:locale\" content=\"it_IT\" \/>\r\n<meta property=\"og:type\" content=\"article\" \/>\r\n<meta property=\"og:title\" content=\"Home - Audiradio\" \/>\r\n<meta property=\"og:description\" content=\"Audiradio realizza ricerche statistiche di tipo quantitativo e indagini censuarie volte alla misurazione dell\u2019ascolto delle emittenti radiofoniche nazionali e locali.\" \/>\r\n<meta property=\"og:url\" content=\"https:\/\/audiradio.info\/\" \/>\r\n<meta property=\"og:site_name\" content=\"Audiradio\" \/>\r\n<meta property=\"article:modified_time\" content=\"2024-12-02T09:48:35+00:00\" \/>\r\n<meta property=\"og:image\" content=\"https:\/\/audiradio.info\/wp-content\/uploads\/2024\/12\/Logo-bianco-1-1024x242.png\" \/>\r\n<meta name=\"twitter:card\" content=\"summary_large_image\" \/>\r\n<meta name=\"twitter:label1\" content=\"Tempo di lettura stimato\" \/>\n\t<meta name=\"twitter:data1\" content=\"2 minuti\" \/>\r\n<script type=\"application\/ld+json\" class=\"yoast-schema-graph\">{\"@context\":\"https:\/\/schema.org\",\"@graph\":[{\"@type\":\"WebPage\",\"@id\":\"https:\/\/audiradio.info\/\",\"url\":\"https:\/\/audiradio.info\/\",\"name\":\"Home - Audiradio\",\"isPartOf\":{\"@id\":\"https:\/\/audiradio.info\/#website\"},\"primaryImageOfPage\":{\"@id\":\"https:\/\/audiradio.info\/#primaryimage\"},\"image\":{\"@id\":\"https:\/\/audiradio.info\/#primaryimage\"},\"thumbnailUrl\":\"https:\/\/audiradio.info\/wp-content\/uploads\/2024\/12\/Logo-bianco-1-1024x242.png\",\"datePublished\":\"2024-06-10T09:27:50+00:00\",\"dateModified\":\"2024-12-02T09:48:35+00:00\",\"description\":\"Audiradio realizza ricerche statistiche di tipo quantitativo e indagini censuarie volte alla misurazione dell\u2019ascolto delle emittenti radiofoniche nazionali e locali.\",\"breadcrumb\":{\"@id\":\"https:\/\/audiradio.info\/#breadcrumb\"},\"inLanguage\":\"it-IT\",\"potentialAction\":[{\"@type\":\"ReadAction\",\"target\":[\"https:\/\/audiradio.info\/\"]}]},{\"@type\":\"ImageObject\",\"inLanguage\":\"it-IT\",\"@id\":\"https:\/\/audiradio.info\/#primaryimage\",\"url\":\"https:\/\/audiradio.info\/wp-content\/uploads\/2024\/12\/Logo-bianco-1.png\",\"contentUrl\":\"https:\/\/audiradio.info\/wp-content\/uploads\/2024\/12\/Logo-bianco-1.png\",\"width\":1393,\"height\":329},{\"@type\":\"BreadcrumbList\",\"@id\":\"https:\/\/audiradio.info\/#breadcrumb\",\"itemListElement\":[{\"@type\":\"ListItem\",\"position\":1,\"name\":\"Home\",\"item\":\"https:\/\/audiradio.info\/\"},{\"@type\":\"ListItem\",\"position\":2,\"name\":\"Home\"}]},{\"@type\":\"WebSite\",\"@id\":\"https:\/\/audiradio.info\/#website\",\"url\":\"https:\/\/audiradio.info\/\",\"name\":\"Audiradio\",\"description\":\"\",\"publisher\":{\"@id\":\"https:\/\/audiradio.info\/#organization\"},\"potentialAction\":[{\"@type\":\"SearchAction\",\"target\":{\"@type\":\"EntryPoint\",\"urlTemplate\":\"https:\/\/audiradio.info\/?s={search_term_string}\"},\"query-input\":\"required name=search_term_string\"}],\"inLanguage\":\"it-IT\"},{\"@type\":\"Organization\",\"@id\":\"https:\/\/audiradio.info\/#organization\",\"name\":\"Audiradio\",\"url\":\"https:\/\/audiradio.info\/\",\"logo\":{\"@type\":\"ImageObject\",\"inLanguage\":\"it-IT\",\"@id\":\"https:\/\/audiradio.info\/#\/schema\/logo\/image\/\",\"url\":\"https:\/\/audiradio.info\/wp-content\/uploads\/2024\/12\/cropped-Logo.png\",\"contentUrl\":\"https:\/\/audiradio.info\/wp-content\/uploads\/2024\/12\/cropped-Logo.png\",\"width\":1393,\"height\":329,\"caption\":\"Audiradio\"},\"image\":{\"@id\":\"https:\/\/audiradio.info\/#\/schema\/logo\/image\/\"}}]}<\/script>\r\n<!-- \/ Yoast SEO plugin. -->","yoast_head_json":{"title":"Home - Audiradio","description":"Audiradio realizza ricerche statistiche di tipo quantitativo e indagini censuarie volte alla misurazione dell\u2019ascolto delle emittenti radiofoniche nazionali e locali.","robots":{"index":"index","follow":"follow","max-snippet":"max-snippet:-1","max-image-preview":"max-image-preview:large","max-video-preview":"max-video-preview:-1"},"canonical":"https:\/\/audiradio.info\/","og_locale":"it_IT","og_type":"article","og_title":"Home - Audiradio","og_description":"Audiradio realizza ricerche statistiche di tipo quantitativo e indagini censuarie volte alla misurazione dell\u2019ascolto delle emittenti radiofoniche nazionali e locali.","og_url":"https:\/\/audiradio.info\/","og_site_name":"Audiradio","article_modified_time":"2024-12-02T09:48:35+00:00","og_image":[{"url":"https:\/\/audiradio.info\/wp-content\/uploads\/2024\/12\/Logo-bianco-1-1024x242.png"}],"twitter_card":"summary_large_image","twitter_misc":{"Tempo di lettura stimato":"2 minuti"},"schema":{"@context":"https:\/\/schema.org","@graph":[{"@type":"WebPage","@id":"https:\/\/audiradio.info\/","url":"https:\/\/audiradio.info\/","name":"Home - Audiradio","isPartOf":{"@id":"https:\/\/audiradio.info\/#website"},"primaryImageOfPage":{"@id":"https:\/\/audiradio.info\/#primaryimage"},"image":{"@id":"https:\/\/audiradio.info\/#primaryimage"},"thumbnailUrl":"https:\/\/audiradio.info\/wp-content\/uploads\/2024\/12\/Logo-bianco-1-1024x242.png","datePublished":"2024-06-10T09:27:50+00:00","dateModified":"2024-12-02T09:48:35+00:00","description":"Audiradio realizza ricerche statistiche di tipo quantitativo e indagini censuarie volte alla misurazione dell\u2019ascolto delle emittenti radiofoniche nazionali e locali.","breadcrumb":{"@id":"https:\/\/audiradio.info\/#breadcrumb"},"inLanguage":"it-IT","potentialAction":[{"@type":"ReadAction","target":["https:\/\/audiradio.info\/"]}]},{"@type":"ImageObject","inLanguage":"it-IT","@id":"https:\/\/audiradio.info\/#primaryimage","url":"https:\/\/audiradio.info\/wp-content\/uploads\/2024\/12\/Logo-bianco-1.png","contentUrl":"https:\/\/audiradio.info\/wp-content\/uploads\/2024\/12\/Logo-bianco-1.png","width":1393,"height":329},{"@type":"BreadcrumbList","@id":"https:\/\/audiradio.info\/#breadcrumb","itemListElement":[{"@type":"ListItem","position":1,"name":"Home","item":"https:\/\/audiradio.info\/"},{"@type":"ListItem","position":2,"name":"Home"}]},{"@type":"WebSite","@id":"https:\/\/audiradio.info\/#website","url":"https:\/\/audiradio.info\/","name":"Audiradio","description":"","publisher":{"@id":"https:\/\/audiradio.info\/#organization"},"potentialAction":[{"@type":"SearchAction","target":{"@type":"EntryPoint","urlTemplate":"https:\/\/audiradio.info\/?s={search_term_string}"},"query-input":"required name=search_term_string"}],"inLanguage":"it-IT"},{"@type":"Organization","@id":"https:\/\/audiradio.info\/#organization","name":"Audiradio","url":"https:\/\/audiradio.info\/","logo":{"@type":"ImageObject","inLanguage":"it-IT","@id":"https:\/\/audiradio.info\/#\/schema\/logo\/image\/","url":"https:\/\/audiradio.info\/wp-content\/uploads\/2024\/12\/cropped-Logo.png","contentUrl":"https:\/\/audiradio.info\/wp-content\/uploads\/2024\/12\/cropped-Logo.png","width":1393,"height":329,"caption":"Audiradio"},"image":{"@id":"https:\/\/audiradio.info\/#\/schema\/logo\/image\/"}}]}},"_links":{"self":[{"href":"https:\/\/audiradio.info\/index.php\/wp-json\/wp\/v2\/pages\/38","targetHints":{"allow":["GET"]}}],"collection":[{"href":"https:\/\/audiradio.info\/index.php\/wp-json\/wp\/v2\/pages"}],"about":[{"href":"https:\/\/audiradio.info\/index.php\/wp-json\/wp\/v2\/types\/page"}],"author":[{"embeddable":true,"href":"https:\/\/audiradio.info\/index.php\/wp-json\/wp\/v2\/users\/1"}],"replies":[{"embeddable":true,"href":"https:\/\/audiradio.info\/index.php\/wp-json\/wp\/v2\/comments?post=38"}],"version-history":[{"count":79,"href":"https:\/\/audiradio.info\/index.php\/wp-json\/wp\/v2\/pages\/38\/revisions"}],"predecessor-version":[{"id":653,"href":"https:\/\/audiradio.info\/index.php\/wp-json\/wp\/v2\/pages\/38\/revisions\/653"}],"wp:attachment":[{"href":"https:\/\/audiradio.info\/index.php\/wp-json\/wp\/v2\/media?parent=38"}],"curies":[{"name":"wp","href":"https:\/\/api.w.org\/{rel}","templated":true}]}}